{"id":3610,"date":"2021-08-27T13:33:41","date_gmt":"2021-08-27T11:33:41","guid":{"rendered":"https:\/\/www.proconsi.com\/talento\/?page_id=3610"},"modified":"2021-08-27T13:34:33","modified_gmt":"2021-08-27T11:34:33","slug":"politica-de-privacidad-general","status":"publish","type":"page","link":"https:\/\/www.proconsi.com\/talento\/politica-de-privacidad-general\/","title":{"rendered":"Pol\u00edtica privacidad"},"content":{"rendered":"<p>[vc_row el_class=\u00bbtextos\u00bb][vc_column][vc_custom_heading text=\u00bbPol\u00edtica de privacidad\u00bb font_container=\u00bbtag:h1|text_align:left|color:%23555555&#8243; google_fonts=\u00bbfont_family:Anton%3Aregular|font_style:400%20regular%3A400%3Anormal\u00bb css=\u00bb.vc_custom_1581419448336{margin-bottom: 30px !important;}\u00bb][vc_column_text el_class=\u00bbentradilla\u00bb]FORMULARIO CAMPUS[\/vc_column_text][vc_column_text]<strong>PROCONSI S.L.<\/strong> , en adelante RESPONSABLE, es el Responsable del tratamiento de los datos personales del Usuario y le informa que estos datos ser\u00e1n tratados de conformidad con lo dispuesto en el Reglamento (UE) 2016\/679 de 27 de abril (GDPR) y la Ley Org\u00e1nica 3\/2018 de 5 de diciembre (LOPDGDD), por lo que se le facilita la siguiente informaci\u00f3n del tratamiento:<\/p>\n<p><strong>Fin del tratamiento<\/strong>: Tramitar encargos, solicitudes o cualquier tipo de petici\u00f3n que sea realizada por el usuario a trav\u00e9s del formulario de contacto bajo el consentimiento del interesado.<\/p>\n<p><strong>Criterios de conservaci\u00f3n de los datos<\/strong>: se conservar\u00e1n durante no m\u00e1s tiempo del necesario para mantener el fin del tratamiento y cuando ya no sea necesario para tal fin, se suprimir\u00e1n con medidas de seguridad adecuadas para garantizar la seudonimizaci\u00f3n de los datos o la destrucci\u00f3n total de los mismos.<\/p>\n<p><strong>Comunicaci\u00f3n de los datos<\/strong>: No se comunicar\u00e1n los datos a terceros, salvo obligaci\u00f3n legal.<\/p>\n<p><strong>Derechos que asisten al Usuario<\/strong>: Derecho a retirar el consentimiento en cualquier momento. Derecho de acceso, rectificaci\u00f3n, portabilidad y supresi\u00f3n de sus datos y a la limitaci\u00f3n u oposici\u00f3n al su tratamiento. Derecho a presentar una reclamaci\u00f3n ante la autoridad de control (www.aepd.es) si considera que el tratamiento no se ajusta a la normativa vigente.<\/p>\n<p><strong>Datos de contacto para ejercer sus derechos<\/strong>:<\/p>\n<p>PROCONSI S.L. Parque Tecnol\u00f3gico de Le\u00f3n, C\/Andr\u00e9s Su\u00e1rez, 5 &#8211; 24009 Le\u00f3n. Email:\u00a0<a href=\"mailto:rgpd@proconsi.com\" target=\"_blank\" rel=\"noopener\">rgpd@proconsi.com<\/a><\/p>\n<p><a href=\"https:\/\/www.proconsi.com\/politica-de-privacidad\" target=\"_blank\" rel=\"noopener\">Para m\u00e1s informaci\u00f3n consulte aqu\u00ed nuestra pol\u00edtica de privacidad general<\/a>[\/vc_column_text][\/vc_column][\/vc_row]<\/p>\n","protected":false},"excerpt":{"rendered":"<p>[vc_row el_class=\u00bbtextos\u00bb][vc_column][vc_custom_heading text=\u00bbPol\u00edtica de privacidad\u00bb font_container=\u00bbtag:h1|text_align:left|color:%23555555&#8243; google_fonts=\u00bbfont_family:Anton%3Aregular|font_style:400%20regular%3A400%3Anormal\u00bb css=\u00bb.vc_custom_1581419448336{margin-bottom: 30px !important;}\u00bb][vc_column_text el_class=\u00bbentradilla\u00bb]FORMULARIO CAMPUS[\/vc_column_text][vc_column_text]PROCONSI S.L. , en adelante RESPONSABLE, es el Responsable del tratamiento de los datos personales del Usuario y le informa que estos datos ser\u00e1n tratados de conformidad con lo dispuesto en el Reglamento (UE) 2016\/679 de 27 de abril (GDPR) y la Ley Org\u00e1nica 3\/2018 de 5 de diciembre (LOPDGDD), por lo que se le facilita la siguiente informaci\u00f3n del tratamiento: Fin del tratamiento: Tramitar encargos, solicitudes o cualquier tipo de petici\u00f3n que sea <\/p>\n","protected":false},"author":1,"featured_media":0,"parent":0,"menu_order":0,"comment_status":"closed","ping_status":"closed","template":"","meta":{"footnotes":""},"class_list":["post-3610","page","type-page","status-publish","hentry"],"yoast_head":"<!-- This site is optimized with the Yoast SEO plugin v27.6 - https:\/\/yoast.com\/product\/yoast-seo-wordpress\/ -->\n<title>Pol\u00edtica privacidad - Portal de Empleo y Recursos Humanos de Proconsi | Talento Procosi<\/title>\n<meta name=\"robots\" content=\"noindex, nofollow\" \/>\n<meta property=\"og:locale\" content=\"es_ES\" \/>\n<meta property=\"og:type\" content=\"article\" \/>\n<meta property=\"og:title\" content=\"Pol\u00edtica privacidad - Portal de Empleo y Recursos Humanos de Proconsi | Talento Procosi\" \/>\n<meta property=\"og:description\" content=\"[vc_row el_class=\u00bbtextos\u00bb][vc_column][vc_custom_heading text=\u00bbPol\u00edtica de privacidad\u00bb font_container=\u00bbtag:h1|text_align:left|color:%23555555&#8243; google_fonts=\u00bbfont_family:Anton%3Aregular|font_style:400%20regular%3A400%3Anormal\u00bb css=\u00bb.vc_custom_1581419448336{margin-bottom: 30px !important;}\u00bb][vc_column_text el_class=\u00bbentradilla\u00bb]FORMULARIO CAMPUS[\/vc_column_text][vc_column_text]PROCONSI S.L. , en adelante RESPONSABLE, es el Responsable del tratamiento de los datos personales del Usuario y le informa que estos datos ser\u00e1n tratados de conformidad con lo dispuesto en el Reglamento (UE) 2016\/679 de 27 de abril (GDPR) y la Ley Org\u00e1nica 3\/2018 de 5 de diciembre (LOPDGDD), por lo que se le facilita la siguiente informaci\u00f3n del tratamiento: Fin del tratamiento: Tramitar encargos, solicitudes o cualquier tipo de petici\u00f3n que sea\" \/>\n<meta property=\"og:url\" content=\"https:\/\/www.proconsi.com\/talento\/politica-de-privacidad-general\/\" \/>\n<meta property=\"og:site_name\" content=\"Portal de Empleo y Recursos Humanos de Proconsi | Talento Procosi\" \/>\n<meta property=\"article:publisher\" content=\"https:\/\/www.facebook.com\/proconsi\" \/>\n<meta property=\"article:modified_time\" content=\"2021-08-27T11:34:33+00:00\" \/>\n<meta name=\"twitter:card\" content=\"summary_large_image\" \/>\n<meta name=\"twitter:site\" content=\"@proconsi\" \/>\n<meta name=\"twitter:label1\" content=\"Tiempo de lectura\" \/>\n\t<meta name=\"twitter:data1\" content=\"2 minutos\" \/>\n<script type=\"application\/ld+json\" class=\"yoast-schema-graph\">{\"@context\":\"https:\\\/\\\/schema.org\",\"@graph\":[{\"@type\":\"WebPage\",\"@id\":\"https:\\\/\\\/www.proconsi.com\\\/talento\\\/politica-de-privacidad-general\\\/\",\"url\":\"https:\\\/\\\/www.proconsi.com\\\/talento\\\/politica-de-privacidad-general\\\/\",\"name\":\"Pol\u00edtica privacidad - Portal de Empleo y Recursos Humanos de Proconsi | Talento Procosi\",\"isPartOf\":{\"@id\":\"https:\\\/\\\/www.proconsi.com\\\/talento\\\/#website\"},\"datePublished\":\"2021-08-27T11:33:41+00:00\",\"dateModified\":\"2021-08-27T11:34:33+00:00\",\"breadcrumb\":{\"@id\":\"https:\\\/\\\/www.proconsi.com\\\/talento\\\/politica-de-privacidad-general\\\/#breadcrumb\"},\"inLanguage\":\"es\",\"potentialAction\":[{\"@type\":\"ReadAction\",\"target\":[\"https:\\\/\\\/www.proconsi.com\\\/talento\\\/politica-de-privacidad-general\\\/\"]}]},{\"@type\":\"BreadcrumbList\",\"@id\":\"https:\\\/\\\/www.proconsi.com\\\/talento\\\/politica-de-privacidad-general\\\/#breadcrumb\",\"itemListElement\":[{\"@type\":\"ListItem\",\"position\":1,\"name\":\"Portada\",\"item\":\"https:\\\/\\\/www.proconsi.com\\\/talento\\\/\"},{\"@type\":\"ListItem\",\"position\":2,\"name\":\"Pol\u00edtica privacidad\"}]},{\"@type\":\"WebSite\",\"@id\":\"https:\\\/\\\/www.proconsi.com\\\/talento\\\/#website\",\"url\":\"https:\\\/\\\/www.proconsi.com\\\/talento\\\/\",\"name\":\"Portal de Empleo y Recursos Humanos de Proconsi | Talento Procosi\",\"description\":\"A trav\u00e9s de nuestro portal, compartimos las ofertas de empleo de Proconsi, as\u00ed como contenido de inter\u00e9s para conseguir un buen ambiente laboral.\",\"publisher\":{\"@id\":\"https:\\\/\\\/www.proconsi.com\\\/talento\\\/#organization\"},\"potentialAction\":[{\"@type\":\"SearchAction\",\"target\":{\"@type\":\"EntryPoint\",\"urlTemplate\":\"https:\\\/\\\/www.proconsi.com\\\/talento\\\/?s={search_term_string}\"},\"query-input\":{\"@type\":\"PropertyValueSpecification\",\"valueRequired\":true,\"valueName\":\"search_term_string\"}}],\"inLanguage\":\"es\"},{\"@type\":\"Organization\",\"@id\":\"https:\\\/\\\/www.proconsi.com\\\/talento\\\/#organization\",\"name\":\"Proconsi\",\"url\":\"https:\\\/\\\/www.proconsi.com\\\/talento\\\/\",\"logo\":{\"@type\":\"ImageObject\",\"inLanguage\":\"es\",\"@id\":\"https:\\\/\\\/www.proconsi.com\\\/talento\\\/#\\\/schema\\\/logo\\\/image\\\/\",\"url\":\"https:\\\/\\\/www.proconsi.com\\\/talento\\\/wp-content\\\/uploads\\\/2020\\\/02\\\/logo_proconsi.png\",\"contentUrl\":\"https:\\\/\\\/www.proconsi.com\\\/talento\\\/wp-content\\\/uploads\\\/2020\\\/02\\\/logo_proconsi.png\",\"width\":600,\"height\":200,\"caption\":\"Proconsi\"},\"image\":{\"@id\":\"https:\\\/\\\/www.proconsi.com\\\/talento\\\/#\\\/schema\\\/logo\\\/image\\\/\"},\"sameAs\":[\"https:\\\/\\\/www.facebook.com\\\/proconsi\",\"https:\\\/\\\/x.com\\\/proconsi\",\"https:\\\/\\\/www.instagram.com\\\/proconsioficial\\\/\",\"https:\\\/\\\/www.linkedin.com\\\/company\\\/proconsi\",\"https:\\\/\\\/www.youtube.com\\\/user\\\/proconsi\"]}]}<\/script>\n<!-- \/ Yoast SEO plugin. -->","yoast_head_json":{"title":"Pol\u00edtica privacidad - Portal de Empleo y Recursos Humanos de Proconsi | Talento Procosi","robots":{"index":"noindex","follow":"nofollow"},"og_locale":"es_ES","og_type":"article","og_title":"Pol\u00edtica privacidad - Portal de Empleo y Recursos Humanos de Proconsi | Talento Procosi","og_description":"[vc_row el_class=\u00bbtextos\u00bb][vc_column][vc_custom_heading text=\u00bbPol\u00edtica de privacidad\u00bb font_container=\u00bbtag:h1|text_align:left|color:%23555555&#8243; google_fonts=\u00bbfont_family:Anton%3Aregular|font_style:400%20regular%3A400%3Anormal\u00bb css=\u00bb.vc_custom_1581419448336{margin-bottom: 30px !important;}\u00bb][vc_column_text el_class=\u00bbentradilla\u00bb]FORMULARIO CAMPUS[\/vc_column_text][vc_column_text]PROCONSI S.L. , en adelante RESPONSABLE, es el Responsable del tratamiento de los datos personales del Usuario y le informa que estos datos ser\u00e1n tratados de conformidad con lo dispuesto en el Reglamento (UE) 2016\/679 de 27 de abril (GDPR) y la Ley Org\u00e1nica 3\/2018 de 5 de diciembre (LOPDGDD), por lo que se le facilita la siguiente informaci\u00f3n del tratamiento: Fin del tratamiento: Tramitar encargos, solicitudes o cualquier tipo de petici\u00f3n que sea","og_url":"https:\/\/www.proconsi.com\/talento\/politica-de-privacidad-general\/","og_site_name":"Portal de Empleo y Recursos Humanos de Proconsi | Talento Procosi","article_publisher":"https:\/\/www.facebook.com\/proconsi","article_modified_time":"2021-08-27T11:34:33+00:00","twitter_card":"summary_large_image","twitter_site":"@proconsi","twitter_misc":{"Tiempo de lectura":"2 minutos"},"schema":{"@context":"https:\/\/schema.org","@graph":[{"@type":"WebPage","@id":"https:\/\/www.proconsi.com\/talento\/politica-de-privacidad-general\/","url":"https:\/\/www.proconsi.com\/talento\/politica-de-privacidad-general\/","name":"Pol\u00edtica privacidad - Portal de Empleo y Recursos Humanos de Proconsi | Talento Procosi","isPartOf":{"@id":"https:\/\/www.proconsi.com\/talento\/#website"},"datePublished":"2021-08-27T11:33:41+00:00","dateModified":"2021-08-27T11:34:33+00:00","breadcrumb":{"@id":"https:\/\/www.proconsi.com\/talento\/politica-de-privacidad-general\/#breadcrumb"},"inLanguage":"es","potentialAction":[{"@type":"ReadAction","target":["https:\/\/www.proconsi.com\/talento\/politica-de-privacidad-general\/"]}]},{"@type":"BreadcrumbList","@id":"https:\/\/www.proconsi.com\/talento\/politica-de-privacidad-general\/#breadcrumb","itemListElement":[{"@type":"ListItem","position":1,"name":"Portada","item":"https:\/\/www.proconsi.com\/talento\/"},{"@type":"ListItem","position":2,"name":"Pol\u00edtica privacidad"}]},{"@type":"WebSite","@id":"https:\/\/www.proconsi.com\/talento\/#website","url":"https:\/\/www.proconsi.com\/talento\/","name":"Portal de Empleo y Recursos Humanos de Proconsi | Talento Procosi","description":"A trav\u00e9s de nuestro portal, compartimos las ofertas de empleo de Proconsi, as\u00ed como contenido de inter\u00e9s para conseguir un buen ambiente laboral.","publisher":{"@id":"https:\/\/www.proconsi.com\/talento\/#organization"},"potentialAction":[{"@type":"SearchAction","target":{"@type":"EntryPoint","urlTemplate":"https:\/\/www.proconsi.com\/talento\/?s={search_term_string}"},"query-input":{"@type":"PropertyValueSpecification","valueRequired":true,"valueName":"search_term_string"}}],"inLanguage":"es"},{"@type":"Organization","@id":"https:\/\/www.proconsi.com\/talento\/#organization","name":"Proconsi","url":"https:\/\/www.proconsi.com\/talento\/","logo":{"@type":"ImageObject","inLanguage":"es","@id":"https:\/\/www.proconsi.com\/talento\/#\/schema\/logo\/image\/","url":"https:\/\/www.proconsi.com\/talento\/wp-content\/uploads\/2020\/02\/logo_proconsi.png","contentUrl":"https:\/\/www.proconsi.com\/talento\/wp-content\/uploads\/2020\/02\/logo_proconsi.png","width":600,"height":200,"caption":"Proconsi"},"image":{"@id":"https:\/\/www.proconsi.com\/talento\/#\/schema\/logo\/image\/"},"sameAs":["https:\/\/www.facebook.com\/proconsi","https:\/\/x.com\/proconsi","https:\/\/www.instagram.com\/proconsioficial\/","https:\/\/www.linkedin.com\/company\/proconsi","https:\/\/www.youtube.com\/user\/proconsi"]}]}},"_links":{"self":[{"href":"https:\/\/www.proconsi.com\/talento\/wp-json\/wp\/v2\/pages\/3610","targetHints":{"allow":["GET"]}}],"collection":[{"href":"https:\/\/www.proconsi.com\/talento\/wp-json\/wp\/v2\/pages"}],"about":[{"href":"https:\/\/www.proconsi.com\/talento\/wp-json\/wp\/v2\/types\/page"}],"author":[{"embeddable":true,"href":"https:\/\/www.proconsi.com\/talento\/wp-json\/wp\/v2\/users\/1"}],"replies":[{"embeddable":true,"href":"https:\/\/www.proconsi.com\/talento\/wp-json\/wp\/v2\/comments?post=3610"}],"version-history":[{"count":0,"href":"https:\/\/www.proconsi.com\/talento\/wp-json\/wp\/v2\/pages\/3610\/revisions"}],"wp:attachment":[{"href":"https:\/\/www.proconsi.com\/talento\/wp-json\/wp\/v2\/media?parent=3610"}],"curies":[{"name":"wp","href":"https:\/\/api.w.org\/{rel}","templated":true}]}}